{"id":3440,"date":"2021-06-13T03:36:52","date_gmt":"2021-06-13T03:36:52","guid":{"rendered":"https:\/\/themes.themegoods.com\/ashton\/?page_id=3440"},"modified":"2025-07-29T20:39:24","modified_gmt":"2025-07-29T20:39:24","slug":"nosotros","status":"publish","type":"page","link":"https:\/\/4kmigra.com\/en\/nosotros\/","title":{"rendered":"About us"},"content":{"rendered":"<div data-elementor-type=\"wp-page\" data-elementor-id=\"3440\" class=\"elementor elementor-3440\" data-elementor-post-type=\"page\">\n\t\t\t\t\t\t<section class=\"elementor-section elementor-top-section elementor-element elementor-element-36f36d1 elementor-section-height-min-height elementor-section-stretched elementor-section-boxed elementor-section-height-default elementor-section-items-middle\" data-id=\"36f36d1\" data-element_type=\"section\" data-settings=\"{&quot;stretch_section&quot;:&quot;section-stretched&quot;,&quot;background_background&quot;:&quot;classic&quot;}\">\n\t\t\t\t\t\t\t<div class=\"elementor-background-overlay\"><\/div>\n\t\t\t\t\t\t\t<div class=\"elementor-container elementor-column-gap-default\">\n\t\t\t\t\t<div class=\"elementor-column elementor-col-100 elementor-top-column elementor-element elementor-element-7427bc3\" data-id=\"7427bc3\" data-element_type=\"column\">\n\t\t\t<div class=\"elementor-widget-wrap\">\n\t\t\t\t\t\t\t<\/div>\n\t\t<\/div>\n\t\t\t\t\t<\/div>\n\t\t<\/section>\n\t\t<div class=\"elementor-element elementor-element-f123ebc e-con-full e-flex e-con e-parent\" data-id=\"f123ebc\" data-element_type=\"container\">\n\t\t<div class=\"elementor-element elementor-element-7c3f82d e-con-full e-flex e-con e-child\" data-id=\"7c3f82d\" data-element_type=\"container\" data-settings=\"{&quot;background_background&quot;:&quot;classic&quot;}\">\n\t\t<div class=\"elementor-element elementor-element-8b1e058 e-con-full e-flex e-con e-child\" data-id=\"8b1e058\" data-element_type=\"container\">\n\t\t\t\t<div class=\"elementor-element elementor-element-1f93011 elementor-widget elementor-widget-heading\" data-id=\"1f93011\" data-element_type=\"widget\" data-widget_type=\"heading.default\">\n\t\t\t\t<div class=\"elementor-widget-container\">\n\t\t\t\t\t<h2 class=\"elementor-heading-title elementor-size-default\">At 4K Solution PSC, our culture is fundamental\n<\/h2>\t\t\t\t<\/div>\n\t\t\t\t<\/div>\n\t\t\t\t<div class=\"elementor-element elementor-element-fac7a3c elementor-widget elementor-widget-heading\" data-id=\"fac7a3c\" data-element_type=\"widget\" data-widget_type=\"heading.default\">\n\t\t\t\t<div class=\"elementor-widget-container\">\n\t\t\t\t\t<h3 class=\"elementor-heading-title elementor-size-default\">At 4K Solution PSC, we are a committed team of experts in providing comprehensive assistance for a wide range of migration processes. With over 2 years of experience in the industry, we have accompanied numerous clients along the complex migration paths, ensuring that each step is managed with precision and care. Our focus is on providing customized solutions, ensuring that our clients achieve their goals with confidence and success. As a dedicated and professional team, we are here to make your migration process a clear and safe experience.<\/h3>\t\t\t\t<\/div>\n\t\t\t\t<\/div>\n\t\t\t\t<div class=\"elementor-element elementor-element-320ba94 elementor-widget elementor-widget-heading\" data-id=\"320ba94\" data-element_type=\"widget\" data-widget_type=\"heading.default\">\n\t\t\t\t<div class=\"elementor-widget-container\">\n\t\t\t\t\t<h2 class=\"elementor-heading-title elementor-size-default\">4K Solution PSC<\/h2>\t\t\t\t<\/div>\n\t\t\t\t<\/div>\n\t\t\t\t<\/div>\n\t\t\t\t<\/div>\n\t\t\t\t<\/div>\n\t\t<div class=\"elementor-element elementor-element-0e3819b e-con-full e-flex e-con e-parent\" data-id=\"0e3819b\" data-element_type=\"container\" data-settings=\"{&quot;shape_divider_top&quot;:&quot;triangle-asymmetrical&quot;}\">\n\t\t\t\t<div class=\"elementor-shape elementor-shape-top\" aria-hidden=\"true\" data-negative=\"false\">\n\t\t\t<svg xmlns=\"http:\/\/www.w3.org\/2000\/svg\" viewbox=\"0 0 1000 100\" preserveaspectratio=\"none\">\n\t<path class=\"elementor-shape-fill\" d=\"M738,99l262-93V0H0v5.6L738,99z\"\/>\n<\/svg>\t\t<\/div>\n\t\t<div class=\"elementor-element elementor-element-3b41250 e-con-full e-flex e-con e-child\" data-id=\"3b41250\" data-element_type=\"container\" data-settings=\"{&quot;background_background&quot;:&quot;classic&quot;}\">\n\t\t\t\t<div class=\"elementor-element elementor-element-8564556 elementor-view-stacked elementor-shape-circle elementor-position-top elementor-mobile-position-top elementor-widget elementor-widget-icon-box\" data-id=\"8564556\" data-element_type=\"widget\" data-widget_type=\"icon-box.default\">\n\t\t\t\t<div class=\"elementor-widget-container\">\n\t\t\t\t\t\t\t<div class=\"elementor-icon-box-wrapper\">\n\n\t\t\t\t\t\t<div class=\"elementor-icon-box-icon\">\n\t\t\t\t<span  class=\"elementor-icon\">\n\t\t\t\t<svg aria-hidden=\"true\" class=\"e-font-icon-svg e-fas-award\" viewbox=\"0 0 384 512\" xmlns=\"http:\/\/www.w3.org\/2000\/svg\"><path d=\"M97.12 362.63c-8.69-8.69-4.16-6.24-25.12-11.85-9.51-2.55-17.87-7.45-25.43-13.32L1.2 448.7c-4.39 10.77 3.81 22.47 15.43 22.03l52.69-2.01L105.56 507c8 8.44 22.04 5.81 26.43-4.96l52.05-127.62c-10.84 6.04-22.87 9.58-35.31 9.58-19.5 0-37.82-7.59-51.61-21.37zM382.8 448.7l-45.37-111.24c-7.56 5.88-15.92 10.77-25.43 13.32-21.07 5.64-16.45 3.18-25.12 11.85-13.79 13.78-32.12 21.37-51.62 21.37-12.44 0-24.47-3.55-35.31-9.58L252 502.04c4.39 10.77 18.44 13.4 26.43 4.96l36.25-38.28 52.69 2.01c11.62.44 19.82-11.27 15.43-22.03zM263 340c15.28-15.55 17.03-14.21 38.79-20.14 13.89-3.79 24.75-14.84 28.47-28.98 7.48-28.4 5.54-24.97 25.95-45.75 10.17-10.35 14.14-25.44 10.42-39.58-7.47-28.38-7.48-24.42 0-52.83 3.72-14.14-.25-29.23-10.42-39.58-20.41-20.78-18.47-17.36-25.95-45.75-3.72-14.14-14.58-25.19-28.47-28.98-27.88-7.61-24.52-5.62-44.95-26.41-10.17-10.35-25-14.4-38.89-10.61-27.87 7.6-23.98 7.61-51.9 0-13.89-3.79-28.72.25-38.89 10.61-20.41 20.78-17.05 18.8-44.94 26.41-13.89 3.79-24.75 14.84-28.47 28.98-7.47 28.39-5.54 24.97-25.95 45.75-10.17 10.35-14.15 25.44-10.42 39.58 7.47 28.36 7.48 24.4 0 52.82-3.72 14.14.25 29.23 10.42 39.59 20.41 20.78 18.47 17.35 25.95 45.75 3.72 14.14 14.58 25.19 28.47 28.98C104.6 325.96 106.27 325 121 340c13.23 13.47 33.84 15.88 49.74 5.82a39.676 39.676 0 0 1 42.53 0c15.89 10.06 36.5 7.65 49.73-5.82zM97.66 175.96c0-53.03 42.24-96.02 94.34-96.02s94.34 42.99 94.34 96.02-42.24 96.02-94.34 96.02-94.34-42.99-94.34-96.02z\"><\/path><\/svg>\t\t\t\t<\/span>\n\t\t\t<\/div>\n\t\t\t\n\t\t\t\t\t\t<div class=\"elementor-icon-box-content\">\n\n\t\t\t\t\t\t\t\t\t<h3 class=\"elementor-icon-box-title\">\n\t\t\t\t\t\t<span  >\n\t\t\t\t\t\t\tEXPERIENCIA QUE RESPALDA\t\t\t\t\t\t<\/span>\n\t\t\t\t\t<\/h3>\n\t\t\t\t\n\t\t\t\t\t\t\t\t\t<p class=\"elementor-icon-box-description\">\n\t\t\t\t\t\tNuestra trayectoria nos permite ofrecerte soluciones confiables, adaptadas a tus necesidades.\n\n\n\n\n\n\n\t\t\t\t\t<\/p>\n\t\t\t\t\n\t\t\t<\/div>\n\t\t\t\n\t\t<\/div>\n\t\t\t\t\t\t<\/div>\n\t\t\t\t<\/div>\n\t\t\t\t<\/div>\n\t\t<div class=\"elementor-element elementor-element-cea532e e-con-full e-flex e-con e-child\" data-id=\"cea532e\" data-element_type=\"container\" data-settings=\"{&quot;background_background&quot;:&quot;classic&quot;}\">\n\t\t\t\t<div class=\"elementor-element elementor-element-65749e5 elementor-position-top elementor-widget elementor-widget-image-box\" data-id=\"65749e5\" data-element_type=\"widget\" data-widget_type=\"image-box.default\">\n\t\t\t\t<div class=\"elementor-widget-container\">\n\t\t\t\t\t<div class=\"elementor-image-box-wrapper\"><figure class=\"elementor-image-box-img\"><img fetchpriority=\"high\" decoding=\"async\" width=\"1080\" height=\"1080\" src=\"https:\/\/4kmigra.com\/wp-content\/uploads\/2021\/06\/3_20241007_005058_0002.png\" class=\"attachment-full size-full wp-image-13181\" alt=\"\" srcset=\"https:\/\/4kmigra.com\/wp-content\/uploads\/2021\/06\/3_20241007_005058_0002.png 1080w, https:\/\/4kmigra.com\/wp-content\/uploads\/2021\/06\/3_20241007_005058_0002-300x300.png 300w, https:\/\/4kmigra.com\/wp-content\/uploads\/2021\/06\/3_20241007_005058_0002-1024x1024.png 1024w, https:\/\/4kmigra.com\/wp-content\/uploads\/2021\/06\/3_20241007_005058_0002-150x150.png 150w, https:\/\/4kmigra.com\/wp-content\/uploads\/2021\/06\/3_20241007_005058_0002-768x768.png 768w, https:\/\/4kmigra.com\/wp-content\/uploads\/2021\/06\/3_20241007_005058_0002-109x109.png 109w, https:\/\/4kmigra.com\/wp-content\/uploads\/2021\/06\/3_20241007_005058_0002-100x100.png 100w, https:\/\/4kmigra.com\/wp-content\/uploads\/2021\/06\/3_20241007_005058_0002-12x12.png 12w, https:\/\/4kmigra.com\/wp-content\/uploads\/2021\/06\/3_20241007_005058_0002-440x440.png 440w, https:\/\/4kmigra.com\/wp-content\/uploads\/2021\/06\/3_20241007_005058_0002-610x610.png 610w, https:\/\/4kmigra.com\/wp-content\/uploads\/2021\/06\/3_20241007_005058_0002-600x600.png 600w, https:\/\/4kmigra.com\/wp-content\/uploads\/2021\/06\/3_20241007_005058_0002-220x220.png 220w\" sizes=\"(max-width: 1080px) 100vw, 1080px\" \/><\/figure><div class=\"elementor-image-box-content\"><h3 class=\"elementor-image-box-title\">AVISO IMPORTANTE<\/h3><p class=\"elementor-image-box-description\"><strong class=\"avisoi\">No somos abogados<\/strong> con licencia para ejercer la abogac\u00eda en Indiana, y no se nos permite redactar registros legales, dar asesoramiento sobre asuntos legales incluida la inmigraci\u00f3n, ni cobrar honorarios por esas actividades.<\/p><\/div><\/div>\t\t\t\t<\/div>\n\t\t\t\t<\/div>\n\t\t\t\t<\/div>\n\t\t<div class=\"elementor-element elementor-element-8903b84 e-con-full e-flex e-con e-child\" data-id=\"8903b84\" data-element_type=\"container\" data-settings=\"{&quot;background_background&quot;:&quot;classic&quot;}\">\n\t\t\t\t<div class=\"elementor-element elementor-element-cfdfba4 elementor-view-stacked elementor-shape-circle elementor-position-top elementor-mobile-position-top elementor-widget elementor-widget-icon-box\" data-id=\"cfdfba4\" data-element_type=\"widget\" data-widget_type=\"icon-box.default\">\n\t\t\t\t<div class=\"elementor-widget-container\">\n\t\t\t\t\t\t\t<div class=\"elementor-icon-box-wrapper\">\n\n\t\t\t\t\t\t<div class=\"elementor-icon-box-icon\">\n\t\t\t\t<span  class=\"elementor-icon\">\n\t\t\t\t<svg aria-hidden=\"true\" class=\"e-font-icon-svg e-fas-check-circle\" viewbox=\"0 0 512 512\" xmlns=\"http:\/\/www.w3.org\/2000\/svg\"><path d=\"M504 256c0 136.967-111.033 248-248 248S8 392.967 8 256 119.033 8 256 8s248 111.033 248 248zM227.314 387.314l184-184c6.248-6.248 6.248-16.379 0-22.627l-22.627-22.627c-6.248-6.249-16.379-6.249-22.628 0L216 308.118l-70.059-70.059c-6.248-6.248-16.379-6.248-22.628 0l-22.627 22.627c-6.248 6.248-6.248 16.379 0 22.627l104 104c6.249 6.249 16.379 6.249 22.628.001z\"><\/path><\/svg>\t\t\t\t<\/span>\n\t\t\t<\/div>\n\t\t\t\n\t\t\t\t\t\t<div class=\"elementor-icon-box-content\">\n\n\t\t\t\t\t\t\t\t\t<h3 class=\"elementor-icon-box-title\">\n\t\t\t\t\t\t<span  >\n\t\t\t\t\t\t\tCalidad y confianza.\t\t\t\t\t\t<\/span>\n\t\t\t\t\t<\/h3>\n\t\t\t\t\n\t\t\t\t\t\t\t\t\t<p class=\"elementor-icon-box-description\">\n\t\t\t\t\t\tOfrecemos un servicio impecable, asegurando resultados excepcionales en cada tr\u00e1mite.\t\t\t\t\t<\/p>\n\t\t\t\t\n\t\t\t<\/div>\n\t\t\t\n\t\t<\/div>\n\t\t\t\t\t\t<\/div>\n\t\t\t\t<\/div>\n\t\t\t\t<\/div>\n\t\t\t\t<\/div>\n\t\t<div class=\"elementor-element elementor-element-f621b2b e-con-full e-flex e-con e-parent\" data-id=\"f621b2b\" data-element_type=\"container\">\n\t\t\t\t<div class=\"elementor-element elementor-element-bd0951a elementor-widget elementor-widget-heading\" data-id=\"bd0951a\" data-element_type=\"widget\" data-widget_type=\"heading.default\">\n\t\t\t\t<div class=\"elementor-widget-container\">\n\t\t\t\t\t<h2 class=\"elementor-heading-title elementor-size-default\">Nuestro equipo<\/h2>\t\t\t\t<\/div>\n\t\t\t\t<\/div>\n\t\t\t\t<\/div>\n\t\t<div class=\"elementor-element elementor-element-bd4e5df e-flex e-con-boxed e-con e-parent\" data-id=\"bd4e5df\" data-element_type=\"container\" data-settings=\"{&quot;background_background&quot;:&quot;classic&quot;}\">\n\t\t\t\t\t<div class=\"e-con-inner\">\n\t\t<div class=\"elementor-element elementor-element-209814f e-con-full e-flex e-con e-child\" data-id=\"209814f\" data-element_type=\"container\">\n\t\t<div class=\"elementor-element elementor-element-60b1998 e-con-full e-flex e-con e-child\" data-id=\"60b1998\" data-element_type=\"container\" data-settings=\"{&quot;background_background&quot;:&quot;classic&quot;}\">\n\t\t<div class=\"elementor-element elementor-element-bd1ed50 e-con-full e-flex e-con e-child\" data-id=\"bd1ed50\" data-element_type=\"container\" data-settings=\"{&quot;background_background&quot;:&quot;classic&quot;}\">\n\t\t\t\t<div class=\"elementor-element elementor-element-a579f1f elementor-widget elementor-widget-image\" data-id=\"a579f1f\" data-element_type=\"widget\" data-widget_type=\"image.default\">\n\t\t\t\t<div class=\"elementor-widget-container\">\n\t\t\t\t\t\t\t\t\t\t\t\t\t\t\t<img decoding=\"async\" width=\"500\" height=\"850\" src=\"https:\/\/4kmigra.com\/wp-content\/uploads\/2024\/10\/seoo.png\" class=\"elementor-animation-sink attachment-large size-large wp-image-13069\" alt=\"\" srcset=\"https:\/\/4kmigra.com\/wp-content\/uploads\/2024\/10\/seoo.png 500w, https:\/\/4kmigra.com\/wp-content\/uploads\/2024\/10\/seoo-176x300.png 176w, https:\/\/4kmigra.com\/wp-content\/uploads\/2024\/10\/seoo-440x748.png 440w, https:\/\/4kmigra.com\/wp-content\/uploads\/2024\/10\/seoo-129x220.png 129w\" sizes=\"(max-width: 500px) 100vw, 500px\" \/>\t\t\t\t\t\t\t\t\t\t\t\t\t\t\t<\/div>\n\t\t\t\t<\/div>\n\t\t\t\t<div class=\"elementor-element elementor-element-830ffd8 elementor-widget elementor-widget-heading\" data-id=\"830ffd8\" data-element_type=\"widget\" data-widget_type=\"heading.default\">\n\t\t\t\t<div class=\"elementor-widget-container\">\n\t\t\t\t\t<h3 class=\"elementor-heading-title elementor-size-default\">Keila Marin<\/h3>\t\t\t\t<\/div>\n\t\t\t\t<\/div>\n\t\t\t\t<div class=\"elementor-element elementor-element-b397d8c elementor-widget elementor-widget-heading\" data-id=\"b397d8c\" data-element_type=\"widget\" data-widget_type=\"heading.default\">\n\t\t\t\t<div class=\"elementor-widget-container\">\n\t\t\t\t\t<h2 class=\"elementor-heading-title elementor-size-default\">Fundadora y Presidenta<\/h2>\t\t\t\t<\/div>\n\t\t\t\t<\/div>\n\t\t\t\t<\/div>\n\t\t\t\t<\/div>\n\t\t<div class=\"elementor-element elementor-element-1fcc1b3 e-con-full e-flex e-con e-child\" data-id=\"1fcc1b3\" data-element_type=\"container\" data-settings=\"{&quot;background_background&quot;:&quot;classic&quot;}\">\n\t\t<div class=\"elementor-element elementor-element-e634604 e-con-full e-flex e-con e-child\" data-id=\"e634604\" data-element_type=\"container\" data-settings=\"{&quot;background_background&quot;:&quot;classic&quot;}\">\n\t\t\t\t<div class=\"elementor-element elementor-element-ca712c6 elementor-widget elementor-widget-image\" data-id=\"ca712c6\" data-element_type=\"widget\" data-widget_type=\"image.default\">\n\t\t\t\t<div class=\"elementor-widget-container\">\n\t\t\t\t\t\t\t\t\t\t\t\t\t\t\t<img decoding=\"async\" width=\"500\" height=\"850\" src=\"https:\/\/4kmigra.com\/wp-content\/uploads\/2024\/10\/Untitled-500-x-850-px-2.png\" class=\"elementor-animation-sink attachment-large size-large wp-image-14418\" alt=\"\" srcset=\"https:\/\/4kmigra.com\/wp-content\/uploads\/2024\/10\/Untitled-500-x-850-px-2.png 500w, https:\/\/4kmigra.com\/wp-content\/uploads\/2024\/10\/Untitled-500-x-850-px-2-176x300.png 176w\" sizes=\"(max-width: 500px) 100vw, 500px\" \/>\t\t\t\t\t\t\t\t\t\t\t\t\t\t\t<\/div>\n\t\t\t\t<\/div>\n\t\t\t\t<div class=\"elementor-element elementor-element-dc0eabe elementor-widget elementor-widget-heading\" data-id=\"dc0eabe\" data-element_type=\"widget\" data-widget_type=\"heading.default\">\n\t\t\t\t<div class=\"elementor-widget-container\">\n\t\t\t\t\t<h3 class=\"elementor-heading-title elementor-size-default\">Gerardo Guarino\n<\/h3>\t\t\t\t<\/div>\n\t\t\t\t<\/div>\n\t\t\t\t<div class=\"elementor-element elementor-element-01a2a02 elementor-widget elementor-widget-heading\" data-id=\"01a2a02\" data-element_type=\"widget\" data-widget_type=\"heading.default\">\n\t\t\t\t<div class=\"elementor-widget-container\">\n\t\t\t\t\t<h2 class=\"elementor-heading-title elementor-size-default\">CEO and Executive Manage\n<\/h2>\t\t\t\t<\/div>\n\t\t\t\t<\/div>\n\t\t\t\t<\/div>\n\t\t\t\t<\/div>\n\t\t<div class=\"elementor-element elementor-element-18b731b e-con-full e-flex e-con e-child\" data-id=\"18b731b\" data-element_type=\"container\" data-settings=\"{&quot;background_background&quot;:&quot;classic&quot;}\">\n\t\t<div class=\"elementor-element elementor-element-b6c17ee e-con-full e-flex e-con e-child\" data-id=\"b6c17ee\" data-element_type=\"container\" data-settings=\"{&quot;background_background&quot;:&quot;classic&quot;}\">\n\t\t\t\t<div class=\"elementor-element elementor-element-1ab4960 elementor-widget elementor-widget-image\" data-id=\"1ab4960\" data-element_type=\"widget\" data-widget_type=\"image.default\">\n\t\t\t\t<div class=\"elementor-widget-container\">\n\t\t\t\t\t\t\t\t\t\t\t\t\t\t\t<img loading=\"lazy\" decoding=\"async\" width=\"500\" height=\"608\" src=\"https:\/\/4kmigra.com\/wp-content\/uploads\/2025\/02\/Untitled-500-x-850-px-e1740091977172.png\" class=\"elementor-animation-sink attachment-large size-large wp-image-15555\" alt=\"\" srcset=\"https:\/\/4kmigra.com\/wp-content\/uploads\/2025\/02\/Untitled-500-x-850-px-e1740091977172.png 500w, https:\/\/4kmigra.com\/wp-content\/uploads\/2025\/02\/Untitled-500-x-850-px-e1740091977172-247x300.png 247w, https:\/\/4kmigra.com\/wp-content\/uploads\/2025\/02\/Untitled-500-x-850-px-e1740091977172-10x12.png 10w\" sizes=\"(max-width: 500px) 100vw, 500px\" \/>\t\t\t\t\t\t\t\t\t\t\t\t\t\t\t<\/div>\n\t\t\t\t<\/div>\n\t\t\t\t<div class=\"elementor-element elementor-element-bb131a2 elementor-widget elementor-widget-heading\" data-id=\"bb131a2\" data-element_type=\"widget\" data-widget_type=\"heading.default\">\n\t\t\t\t<div class=\"elementor-widget-container\">\n\t\t\t\t\t<h3 class=\"elementor-heading-title elementor-size-default\">Maite Sosa<\/h3>\t\t\t\t<\/div>\n\t\t\t\t<\/div>\n\t\t\t\t<div class=\"elementor-element elementor-element-dd1164f elementor-widget elementor-widget-heading\" data-id=\"dd1164f\" data-element_type=\"widget\" data-widget_type=\"heading.default\">\n\t\t\t\t<div class=\"elementor-widget-container\">\n\t\t\t\t\t<h2 class=\"elementor-heading-title elementor-size-default\">Preparadora de Formas Migratorias y Traductor<\/h2>\t\t\t\t<\/div>\n\t\t\t\t<\/div>\n\t\t\t\t<\/div>\n\t\t\t\t<\/div>\n\t\t\t\t<\/div>\n\t\t\t\t\t<\/div>\n\t\t\t\t<\/div>\n\t\t<div class=\"elementor-element elementor-element-1e42e7c e-con-full e-flex e-con e-parent\" data-id=\"1e42e7c\" data-element_type=\"container\" data-settings=\"{&quot;background_background&quot;:&quot;classic&quot;}\">\n\t\t<div class=\"elementor-element elementor-element-211f056 e-flex e-con-boxed e-con e-child\" data-id=\"211f056\" data-element_type=\"container\" data-settings=\"{&quot;background_background&quot;:&quot;classic&quot;}\">\n\t\t\t\t\t<div class=\"e-con-inner\">\n\t\t\t\t<div class=\"elementor-element elementor-element-577592d elementor-widget elementor-widget-spacer\" data-id=\"577592d\" data-element_type=\"widget\" data-widget_type=\"spacer.default\">\n\t\t\t\t<div class=\"elementor-widget-container\">\n\t\t\t\t\t\t\t<div class=\"elementor-spacer\">\n\t\t\t<div class=\"elementor-spacer-inner\"><\/div>\n\t\t<\/div>\n\t\t\t\t\t\t<\/div>\n\t\t\t\t<\/div>\n\t\t\t\t\t<\/div>\n\t\t\t\t<\/div>\n\t\t<div class=\"elementor-element elementor-element-4444106 e-flex e-con-boxed e-con e-child\" data-id=\"4444106\" data-element_type=\"container\" data-settings=\"{&quot;background_background&quot;:&quot;classic&quot;}\">\n\t\t\t\t\t<div class=\"e-con-inner\">\n\t\t\t\t<div class=\"elementor-element elementor-element-f1cc057 elementor-widget-divider--view-line elementor-widget elementor-widget-divider\" data-id=\"f1cc057\" data-element_type=\"widget\" data-widget_type=\"divider.default\">\n\t\t\t\t<div class=\"elementor-widget-container\">\n\t\t\t\t\t\t\t<div class=\"elementor-divider\">\n\t\t\t<span class=\"elementor-divider-separator\">\n\t\t\t\t\t\t<\/span>\n\t\t<\/div>\n\t\t\t\t\t\t<\/div>\n\t\t\t\t<\/div>\n\t\t\t\t<div class=\"elementor-element elementor-element-11b451a elementor-widget elementor-widget-heading\" data-id=\"11b451a\" data-element_type=\"widget\" data-settings=\"{&quot;_animation_mobile&quot;:&quot;slideInDown&quot;}\" data-widget_type=\"heading.default\">\n\t\t\t\t<div class=\"elementor-widget-container\">\n\t\t\t\t\t<h2 class=\"elementor-heading-title elementor-size-default\">Descubre c\u00f3mo podemos guiarte de manera integral en tus procesos migratorios.<\/h2>\t\t\t\t<\/div>\n\t\t\t\t<\/div>\n\t\t\t\t<div class=\"elementor-element elementor-element-b7040ea elementor-widget elementor-widget-text-editor\" data-id=\"b7040ea\" data-element_type=\"widget\" data-settings=\"{&quot;_animation_mobile&quot;:&quot;bounceInDown&quot;}\" data-widget_type=\"text-editor.default\">\n\t\t\t\t<div class=\"elementor-widget-container\">\n\t\t\t\t\t\t\t\t\t<p>Al llegar a los Estados Unidos de Norteam\u00e9rica, se te abre la oportunidad de ser realmente quien prefieres ser. Ahora tienes la oportunidad de crecer como persona, como familia, como esposo o esposa, y como hijo o hija. 4K Solution PSC te brinda la posibilidad de concluir tus procesos migratorios con la mayor facilidad posible, de manera r\u00e1pida, segura y confiable. Nosotros te ayudamos a completar la forma migratoria que necesites y, lo mejor de todo, es que con 4K Solution PSC y nuestras empresas asociadas, te ofrecemos m\u00e1s de lo que necesitas.<\/p>\t\t\t\t\t\t\t\t<\/div>\n\t\t\t\t<\/div>\n\t\t<div class=\"elementor-element elementor-element-df2532f e-con-full e-flex e-con e-child\" data-id=\"df2532f\" data-element_type=\"container\">\n\t\t<div class=\"elementor-element elementor-element-4e77a44 e-con-full e-flex e-con e-child\" data-id=\"4e77a44\" data-element_type=\"container\">\n\t\t\t\t<div class=\"elementor-element elementor-element-2387f96 elementor-widget elementor-widget-image\" data-id=\"2387f96\" data-element_type=\"widget\" data-widget_type=\"image.default\">\n\t\t\t\t<div class=\"elementor-widget-container\">\n\t\t\t\t\t\t\t\t\t\t\t\t\t\t\t<img loading=\"lazy\" decoding=\"async\" width=\"150\" height=\"150\" src=\"https:\/\/4kmigra.com\/wp-content\/uploads\/2024\/10\/seoo-150x150.png\" class=\"attachment-thumbnail size-thumbnail wp-image-13069\" alt=\"\" srcset=\"https:\/\/4kmigra.com\/wp-content\/uploads\/2024\/10\/seoo-150x150.png 150w, https:\/\/4kmigra.com\/wp-content\/uploads\/2024\/10\/seoo-109x109.png 109w, https:\/\/4kmigra.com\/wp-content\/uploads\/2024\/10\/seoo-100x100.png 100w, https:\/\/4kmigra.com\/wp-content\/uploads\/2024\/10\/seoo-300x300.png 300w\" sizes=\"(max-width: 150px) 100vw, 150px\" \/>\t\t\t\t\t\t\t\t\t\t\t\t\t\t\t<\/div>\n\t\t\t\t<\/div>\n\t\t\t\t<\/div>\n\t\t<div class=\"elementor-element elementor-element-865529d e-con-full e-flex e-con e-child\" data-id=\"865529d\" data-element_type=\"container\">\n\t\t\t\t<div class=\"elementor-element elementor-element-f408dca elementor-widget elementor-widget-heading\" data-id=\"f408dca\" data-element_type=\"widget\" data-widget_type=\"heading.default\">\n\t\t\t\t<div class=\"elementor-widget-container\">\n\t\t\t\t\t<h5 class=\"elementor-heading-title elementor-size-default\">Contact us<\/h5>\t\t\t\t<\/div>\n\t\t\t\t<\/div>\n\t\t\t\t<div class=\"elementor-element elementor-element-0320d2e elementor-widget__width-auto elementor-mobile-align-left elementor-widget elementor-widget-button\" data-id=\"0320d2e\" data-element_type=\"widget\" data-widget_type=\"button.default\">\n\t\t\t\t<div class=\"elementor-widget-container\">\n\t\t\t\t\t\t\t\t\t<div class=\"elementor-button-wrapper\">\n\t\t\t\t\t<a class=\"elementor-button elementor-button-link elementor-size-sm\" href=\"tel:+17862969492\">\n\t\t\t\t\t\t<span class=\"elementor-button-content-wrapper\">\n\t\t\t\t\t\t\t\t\t<span class=\"elementor-button-text\">+1 (786) 296-9492<\/span>\n\t\t\t\t\t<\/span>\n\t\t\t\t\t<\/a>\n\t\t\t\t<\/div>\n\t\t\t\t\t\t\t\t<\/div>\n\t\t\t\t<\/div>\n\t\t\t\t<\/div>\n\t\t\t\t<\/div>\n\t\t\t\t\t<\/div>\n\t\t\t\t<\/div>\n\t\t\t\t<\/div>\n\t\t\t\t<\/div>","protected":false},"excerpt":{"rendered":"<p>En 4K Solution PSC, nuestra cultura es fundamental En 4K Solution PSC, somos un equipo comprometido y experto en ofrecer asistencia integral para una amplia gama de procesos migratorios. Con m\u00e1s de 2 a\u00f1os de experiencia en el sector, hemos acompa\u00f1ado a numerosos clientes a lo largo de los complejos caminos de la migraci\u00f3n, garantizando [&hellip;]<\/p>","protected":false},"author":1,"featured_media":0,"parent":0,"menu_order":0,"comment_status":"closed","ping_status":"closed","template":"elementor_header_footer","meta":{"footnotes":""},"class_list":["post-3440","page","type-page","status-publish","hentry"],"_links":{"self":[{"href":"https:\/\/4kmigra.com\/en\/wp-json\/wp\/v2\/pages\/3440","targetHints":{"allow":["GET"]}}],"collection":[{"href":"https:\/\/4kmigra.com\/en\/wp-json\/wp\/v2\/pages"}],"about":[{"href":"https:\/\/4kmigra.com\/en\/wp-json\/wp\/v2\/types\/page"}],"author":[{"embeddable":true,"href":"https:\/\/4kmigra.com\/en\/wp-json\/wp\/v2\/users\/1"}],"replies":[{"embeddable":true,"href":"https:\/\/4kmigra.com\/en\/wp-json\/wp\/v2\/comments?post=3440"}],"version-history":[{"count":135,"href":"https:\/\/4kmigra.com\/en\/wp-json\/wp\/v2\/pages\/3440\/revisions"}],"predecessor-version":[{"id":16410,"href":"https:\/\/4kmigra.com\/en\/wp-json\/wp\/v2\/pages\/3440\/revisions\/16410"}],"wp:attachment":[{"href":"https:\/\/4kmigra.com\/en\/wp-json\/wp\/v2\/media?parent=3440"}],"curies":[{"name":"wp","href":"https:\/\/api.w.org\/{rel}","templated":true}]}}